{"id":3437,"date":"2025-02-11T17:07:21","date_gmt":"2025-02-11T17:07:21","guid":{"rendered":"https:\/\/sof.town\/?page_id=3437"},"modified":"2025-03-25T19:06:44","modified_gmt":"2025-03-25T19:06:44","slug":"membership","status":"publish","type":"page","link":"https:\/\/sof.town\/en\/membership\/","title":{"rendered":"MemberShip"},"content":{"rendered":"<div data-elementor-type=\"wp-page\" data-elementor-id=\"3437\" class=\"elementor elementor-3437\" data-elementor-settings=\"{&quot;ha_cmc_init_switcher&quot;:&quot;no&quot;}\" data-elementor-post-type=\"page\">\n\t\t\t\t<div class=\"elementor-element elementor-element-86d1be2 e-flex e-con-boxed e-con e-parent\" data-id=\"86d1be2\" data-element_type=\"container\" data-e-type=\"container\" data-settings=\"{&quot;background_background&quot;:&quot;classic&quot;}\">\n\t\t\t\t\t<div class=\"e-con-inner\">\n\t\t<div class=\"elementor-element elementor-element-04c2aca e-con-full container-fixo animated-slow e-flex elementor-invisible e-con e-child\" data-id=\"04c2aca\" data-element_type=\"container\" data-e-type=\"container\" data-settings=\"{&quot;animation&quot;:&quot;fadeInUp&quot;,&quot;animation_delay&quot;:900}\">\n\t\t\t\t<div class=\"elementor-element elementor-element-ceb3f37 text-shadow elementor-widget elementor-widget-heading\" data-id=\"ceb3f37\" data-element_type=\"widget\" data-e-type=\"widget\" data-widget_type=\"heading.default\">\n\t\t\t\t<div class=\"elementor-widget-container\">\n\t\t\t\t\t<h1 class=\"elementor-heading-title elementor-size-default\">MemberShip Softown<\/h1>\t\t\t\t<\/div>\n\t\t\t\t<\/div>\n\t\t\t\t<\/div>\n\t\t\t\t\t<\/div>\n\t\t\t\t<\/div>\n\t\t<div class=\"elementor-element elementor-element-c81ff77 e-flex e-con-boxed e-con e-parent\" data-id=\"c81ff77\" data-element_type=\"container\" data-e-type=\"container\">\n\t\t\t\t\t<div class=\"e-con-inner\">\n\t\t<div class=\"elementor-element elementor-element-ba63f61 e-con-full container-fixo animated-slow e-flex elementor-invisible e-con e-child\" data-id=\"ba63f61\" data-element_type=\"container\" data-e-type=\"container\" data-settings=\"{&quot;animation&quot;:&quot;fadeInUp&quot;,&quot;animation_delay&quot;:1100}\">\n\t\t\t\t<div class=\"elementor-element elementor-element-a1a64b3 elementor-widget elementor-widget-spacer\" data-id=\"a1a64b3\" data-element_type=\"widget\" data-e-type=\"widget\" data-widget_type=\"spacer.default\">\n\t\t\t\t<div class=\"elementor-widget-container\">\n\t\t\t\t\t\t\t<div class=\"elementor-spacer\">\n\t\t\t<div class=\"elementor-spacer-inner\"><\/div>\n\t\t<\/div>\n\t\t\t\t\t\t<\/div>\n\t\t\t\t<\/div>\n\t\t\t\t<div class=\"elementor-element elementor-element-411f1bf elementor-widget__width-initial elementor-widget elementor-widget-video\" data-id=\"411f1bf\" data-element_type=\"widget\" data-e-type=\"widget\" data-settings=\"{&quot;video_type&quot;:&quot;vimeo&quot;,&quot;autoplay&quot;:&quot;yes&quot;,&quot;mute&quot;:&quot;yes&quot;}\" data-widget_type=\"video.default\">\n\t\t\t\t<div class=\"elementor-widget-container\">\n\t\t\t\t\t\t\t<div class=\"elementor-wrapper elementor-open-inline\">\n\t\t\t<iframe class=\"elementor-video-iframe\" allowfullscreen allow=\"autoplay\" title=\"Reprodutor de v\u00eddeo vimeo\" src=\"https:\/\/player.vimeo.com\/video\/1068252755?autoplay=1&amp;color&amp;autopause=0&amp;loop=0&amp;muted=1&amp;title=1&amp;portrait=1&amp;byline=1&amp;h=ed2e0e5d33#t=\"><\/iframe>\t\t<\/div>\n\t\t\t\t\t\t<\/div>\n\t\t\t\t<\/div>\n\t\t\t\t<\/div>\n\t\t\t\t\t<\/div>\n\t\t\t\t<\/div>\n\t\t<div class=\"elementor-element elementor-element-523c7b3 e-flex e-con-boxed e-con e-parent\" data-id=\"523c7b3\" data-element_type=\"container\" data-e-type=\"container\">\n\t\t\t\t\t<div class=\"e-con-inner\">\n\t\t<div class=\"elementor-element elementor-element-4410002 e-con-full container-fixo e-flex e-con e-child\" data-id=\"4410002\" data-element_type=\"container\" data-e-type=\"container\">\n\t\t\t\t<div class=\"elementor-element elementor-element-da0f006 elementor-widget elementor-widget-spacer\" data-id=\"da0f006\" data-element_type=\"widget\" data-e-type=\"widget\" data-widget_type=\"spacer.default\">\n\t\t\t\t<div class=\"elementor-widget-container\">\n\t\t\t\t\t\t\t<div class=\"elementor-spacer\">\n\t\t\t<div class=\"elementor-spacer-inner\"><\/div>\n\t\t<\/div>\n\t\t\t\t\t\t<\/div>\n\t\t\t\t<\/div>\n\t\t\t\t<div class=\"elementor-element elementor-element-8295492 font-fix elementor-widget elementor-widget-heading\" data-id=\"8295492\" data-element_type=\"widget\" data-e-type=\"widget\" data-widget_type=\"heading.default\">\n\t\t\t\t<div class=\"elementor-widget-container\">\n\t\t\t\t\t<h2 class=\"elementor-heading-title elementor-size-default\">Mais que um endere\u00e7o, um ecossistema<\/h2>\t\t\t\t<\/div>\n\t\t\t\t<\/div>\n\t\t\t\t<div class=\"elementor-element elementor-element-f23a27b elementor-pagination-type-bullets elementor-arrows-position-inside elementor-pagination-position-outside elementor-widget elementor-widget-n-carousel\" data-id=\"f23a27b\" data-element_type=\"widget\" data-e-type=\"widget\" data-settings=\"{&quot;carousel_items&quot;:[{&quot;slide_title&quot;:&quot;Slide #1&quot;,&quot;_id&quot;:&quot;98341e6&quot;}],&quot;slides_to_show&quot;:&quot;1&quot;,&quot;slides_to_show_tablet&quot;:&quot;1&quot;,&quot;slides_to_scroll&quot;:&quot;1&quot;,&quot;slides_to_scroll_tablet&quot;:&quot;1&quot;,&quot;autoplay_speed&quot;:7000,&quot;slides_to_show_mobile&quot;:&quot;1&quot;,&quot;autoplay&quot;:&quot;yes&quot;,&quot;infinite&quot;:&quot;yes&quot;,&quot;speed&quot;:500,&quot;offset_sides&quot;:&quot;none&quot;,&quot;arrows&quot;:&quot;yes&quot;,&quot;pagination&quot;:&quot;bullets&quot;,&quot;image_spacing_custom&quot;:{&quot;unit&quot;:&quot;px&quot;,&quot;size&quot;:10,&quot;sizes&quot;:[]},&quot;image_spacing_custom_widescreen&quot;:{&quot;unit&quot;:&quot;px&quot;,&quot;size&quot;:&quot;&quot;,&quot;sizes&quot;:[]},&quot;image_spacing_custom_laptop&quot;:{&quot;unit&quot;:&quot;px&quot;,&quot;size&quot;:&quot;&quot;,&quot;sizes&quot;:[]},&quot;image_spacing_custom_tablet_extra&quot;:{&quot;unit&quot;:&quot;px&quot;,&quot;size&quot;:&quot;&quot;,&quot;sizes&quot;:[]},&quot;image_spacing_custom_tablet&quot;:{&quot;unit&quot;:&quot;px&quot;,&quot;size&quot;:&quot;&quot;,&quot;sizes&quot;:[]},&quot;image_spacing_custom_mobile_extra&quot;:{&quot;unit&quot;:&quot;px&quot;,&quot;size&quot;:&quot;&quot;,&quot;sizes&quot;:[]},&quot;image_spacing_custom_mobile&quot;:{&quot;unit&quot;:&quot;px&quot;,&quot;size&quot;:&quot;&quot;,&quot;sizes&quot;:[]}}\" data-widget_type=\"nested-carousel.default\">\n\t\t\t\t<div class=\"elementor-widget-container\">\n\t\t\t\t\t\t\t<div class=\"e-n-carousel swiper\" role=\"region\" aria-roledescription=\"carousel\" aria-label=\"Carrossel\" dir=\"ltr\">\n\t\t\t<div class=\"swiper-wrapper\" aria-live=\"off\">\n\t\t\t\t\t\t\t\t\t\t<div class=\"swiper-slide\" data-slide=\"1\" role=\"group\" aria-roledescription=\"slide\" aria-label=\"1 de 1\">\n\t\t\t\t\t\t\t<div class=\"elementor-element elementor-element-3d46c1e e-flex e-con-boxed e-con e-child\" data-id=\"3d46c1e\" data-element_type=\"container\" data-e-type=\"container\">\n\t\t\t\t\t<div class=\"e-con-inner\">\n\t\t<div class=\"elementor-element elementor-element-55319d3 e-con-full e-flex e-con e-child\" data-id=\"55319d3\" data-element_type=\"container\" data-e-type=\"container\">\n\t\t<div class=\"elementor-element elementor-element-8bf985c e-con-full e-flex e-con e-child\" data-id=\"8bf985c\" data-element_type=\"container\" data-e-type=\"container\">\n\t\t\t\t<div class=\"elementor-element elementor-element-00c41bb elementor-widget elementor-widget-image\" data-id=\"00c41bb\" data-element_type=\"widget\" data-e-type=\"widget\" data-widget_type=\"image.default\">\n\t\t\t\t<div class=\"elementor-widget-container\">\n\t\t\t\t\t\t\t\t\t\t\t\t\t\t\t<img fetchpriority=\"high\" decoding=\"async\" width=\"634\" height=\"611\" src=\"https:\/\/sof.town\/wp-content\/uploads\/2025\/02\/Retangulo-1-1.png\" class=\"attachment-full size-full wp-image-3454\" alt=\"\" srcset=\"https:\/\/sof.town\/wp-content\/uploads\/2025\/02\/Retangulo-1-1.png 634w, https:\/\/sof.town\/wp-content\/uploads\/2025\/02\/Retangulo-1-1-300x289.png 300w, https:\/\/sof.town\/wp-content\/uploads\/2025\/02\/Retangulo-1-1-12x12.png 12w\" sizes=\"(max-width: 634px) 100vw, 634px\" \/>\t\t\t\t\t\t\t\t\t\t\t\t\t\t\t<\/div>\n\t\t\t\t<\/div>\n\t\t\t\t<\/div>\n\t\t<div class=\"elementor-element elementor-element-e55620d e-con-full e-flex e-con e-child\" data-id=\"e55620d\" data-element_type=\"container\" data-e-type=\"container\">\n\t\t\t\t<div class=\"elementor-element elementor-element-afe7be9 elementor-widget elementor-widget-text-editor\" data-id=\"afe7be9\" data-element_type=\"widget\" data-e-type=\"widget\" data-widget_type=\"text-editor.default\">\n\t\t\t\t<div class=\"elementor-widget-container\">\n\t\t\t\t\t\t\t\t\t<p>Precisa de um endere\u00e7o fiscal confi\u00e1vel para abrir ou regularizar sua empresa? No Softown, voc\u00ea garante muito mais do que isso: <strong>acesso a uma comunidade vibrante de neg\u00f3cios, cheia de conex\u00f5es e oportunidades. <\/strong><\/p>\t\t\t\t\t\t\t\t<\/div>\n\t\t\t\t<\/div>\n\t\t\t\t<\/div>\n\t\t\t\t<\/div>\n\t\t\t\t\t<\/div>\n\t\t\t\t<\/div>\n\t\t\t\t\t\t\t\t<\/div>\n\t\t\t\t\t\t\t\t<\/div>\n\t\t<\/div>\n\t\t\t\t\t\t<\/div>\n\t\t\t\t<\/div>\n\t\t\t\t<\/div>\n\t\t\t\t\t<\/div>\n\t\t\t\t<\/div>\n\t\t<div class=\"elementor-element elementor-element-c280262 e-flex e-con-boxed e-con e-parent\" data-id=\"c280262\" data-element_type=\"container\" data-e-type=\"container\">\n\t\t\t\t\t<div class=\"e-con-inner\">\n\t\t\t\t<div class=\"elementor-element elementor-element-a7d168d elementor-widget elementor-widget-spacer\" data-id=\"a7d168d\" data-element_type=\"widget\" data-e-type=\"widget\" data-widget_type=\"spacer.default\">\n\t\t\t\t<div class=\"elementor-widget-container\">\n\t\t\t\t\t\t\t<div class=\"elementor-spacer\">\n\t\t\t<div class=\"elementor-spacer-inner\"><\/div>\n\t\t<\/div>\n\t\t\t\t\t\t<\/div>\n\t\t\t\t<\/div>\n\t\t<div class=\"elementor-element elementor-element-883f3b6 e-con-full container-fixo e-flex e-con e-child\" data-id=\"883f3b6\" data-element_type=\"container\" data-e-type=\"container\">\n\t\t<div class=\"elementor-element elementor-element-c551592 e-grid e-con-full e-con e-child\" data-id=\"c551592\" data-element_type=\"container\" data-e-type=\"container\">\n\t\t<div class=\"elementor-element elementor-element-c58b589 e-con-full e-flex e-con e-child\" data-id=\"c58b589\" data-element_type=\"container\" data-e-type=\"container\">\n\t\t\t\t<div class=\"elementor-element elementor-element-7d579ce image-box elementor-position-top elementor-widget elementor-widget-image-box\" data-id=\"7d579ce\" data-element_type=\"widget\" data-e-type=\"widget\" data-widget_type=\"image-box.default\">\n\t\t\t\t<div class=\"elementor-widget-container\">\n\t\t\t\t\t<div class=\"elementor-image-box-wrapper\"><figure class=\"elementor-image-box-img\"><img decoding=\"async\" width=\"186\" height=\"186\" src=\"https:\/\/sof.town\/wp-content\/uploads\/2025\/02\/Agrupar-6.png\" class=\"attachment-full size-full wp-image-3495\" alt=\"\" srcset=\"https:\/\/sof.town\/wp-content\/uploads\/2025\/02\/Agrupar-6.png 186w, https:\/\/sof.town\/wp-content\/uploads\/2025\/02\/Agrupar-6-150x150.png 150w, https:\/\/sof.town\/wp-content\/uploads\/2025\/02\/Agrupar-6-12x12.png 12w\" sizes=\"(max-width: 186px) 100vw, 186px\" \/><\/figure><div class=\"elementor-image-box-content\"><p class=\"elementor-image-box-description\"><span class=\"bold-text\">Endere\u00e7o Fiscal Softown:<\/span> Mais credibilidade para o seu CNPJ.<\/p><\/div><\/div>\t\t\t\t<\/div>\n\t\t\t\t<\/div>\n\t\t\t\t<\/div>\n\t\t<div class=\"elementor-element elementor-element-dbfe28e e-con-full e-flex e-con e-child\" data-id=\"dbfe28e\" data-element_type=\"container\" data-e-type=\"container\">\n\t\t\t\t<div class=\"elementor-element elementor-element-5b7531d image-box elementor-position-top elementor-widget elementor-widget-image-box\" data-id=\"5b7531d\" data-element_type=\"widget\" data-e-type=\"widget\" data-widget_type=\"image-box.default\">\n\t\t\t\t<div class=\"elementor-widget-container\">\n\t\t\t\t\t<div class=\"elementor-image-box-wrapper\"><figure class=\"elementor-image-box-img\"><a href=\"#entre-em-contato\" tabindex=\"-1\"><img decoding=\"async\" width=\"186\" height=\"186\" src=\"https:\/\/sof.town\/wp-content\/uploads\/2025\/02\/Agrupar-7.png\" class=\"attachment-full size-full wp-image-3496\" alt=\"\" srcset=\"https:\/\/sof.town\/wp-content\/uploads\/2025\/02\/Agrupar-7.png 186w, https:\/\/sof.town\/wp-content\/uploads\/2025\/02\/Agrupar-7-150x150.png 150w, https:\/\/sof.town\/wp-content\/uploads\/2025\/02\/Agrupar-7-12x12.png 12w\" sizes=\"(max-width: 186px) 100vw, 186px\" \/><\/a><\/figure><div class=\"elementor-image-box-content\"><p class=\"elementor-image-box-description\"><span class=\"bold-text\">Gest\u00e3o de Correspond\u00eancias:<\/span> Recebemos e organizamos sua documenta\u00e7\u00e3o.\n<\/p><\/div><\/div>\t\t\t\t<\/div>\n\t\t\t\t<\/div>\n\t\t\t\t<\/div>\n\t\t<div class=\"elementor-element elementor-element-118f793 e-con-full e-flex e-con e-child\" data-id=\"118f793\" data-element_type=\"container\" data-e-type=\"container\">\n\t\t\t\t<div class=\"elementor-element elementor-element-685baef image-box elementor-position-top elementor-widget elementor-widget-image-box\" data-id=\"685baef\" data-element_type=\"widget\" data-e-type=\"widget\" data-widget_type=\"image-box.default\">\n\t\t\t\t<div class=\"elementor-widget-container\">\n\t\t\t\t\t<div class=\"elementor-image-box-wrapper\"><figure class=\"elementor-image-box-img\"><a href=\"#entre-em-contato\" tabindex=\"-1\"><img loading=\"lazy\" decoding=\"async\" width=\"186\" height=\"186\" src=\"https:\/\/sof.town\/wp-content\/uploads\/2025\/02\/Agrupar-8.png\" class=\"attachment-full size-full wp-image-3497\" alt=\"\" srcset=\"https:\/\/sof.town\/wp-content\/uploads\/2025\/02\/Agrupar-8.png 186w, https:\/\/sof.town\/wp-content\/uploads\/2025\/02\/Agrupar-8-150x150.png 150w, https:\/\/sof.town\/wp-content\/uploads\/2025\/02\/Agrupar-8-12x12.png 12w\" sizes=\"(max-width: 186px) 100vw, 186px\" \/><\/a><\/figure><div class=\"elementor-image-box-content\"><p class=\"elementor-image-box-description\"><span class=\"bold-text\">Clube de Vantagens:<\/span> Descontos e benef\u00edcios exclusivos.<\/p><\/div><\/div>\t\t\t\t<\/div>\n\t\t\t\t<\/div>\n\t\t\t\t<\/div>\n\t\t<div class=\"elementor-element elementor-element-9fb2731 e-con-full e-flex e-con e-child\" data-id=\"9fb2731\" data-element_type=\"container\" data-e-type=\"container\">\n\t\t\t\t<div class=\"elementor-element elementor-element-22b41f9 image-box elementor-position-top elementor-widget elementor-widget-image-box\" data-id=\"22b41f9\" data-element_type=\"widget\" data-e-type=\"widget\" data-widget_type=\"image-box.default\">\n\t\t\t\t<div class=\"elementor-widget-container\">\n\t\t\t\t\t<div class=\"elementor-image-box-wrapper\"><figure class=\"elementor-image-box-img\"><a href=\"#entre-em-contato\" tabindex=\"-1\"><img loading=\"lazy\" decoding=\"async\" width=\"186\" height=\"186\" src=\"https:\/\/sof.town\/wp-content\/uploads\/2025\/02\/Agrupar-9.png\" class=\"attachment-full size-full wp-image-3498\" alt=\"\" srcset=\"https:\/\/sof.town\/wp-content\/uploads\/2025\/02\/Agrupar-9.png 186w, https:\/\/sof.town\/wp-content\/uploads\/2025\/02\/Agrupar-9-150x150.png 150w, https:\/\/sof.town\/wp-content\/uploads\/2025\/02\/Agrupar-9-12x12.png 12w\" sizes=\"(max-width: 186px) 100vw, 186px\" \/><\/a><\/figure><div class=\"elementor-image-box-content\"><p class=\"elementor-image-box-description\"><span class=\"bold-text\">Acesso aos eventos do Softown:<\/span> Conecte-se com empreendedores e investidores.<\/p><\/div><\/div>\t\t\t\t<\/div>\n\t\t\t\t<\/div>\n\t\t\t\t<\/div>\n\t\t<div class=\"elementor-element elementor-element-9a794d7 e-con-full e-flex e-con e-child\" data-id=\"9a794d7\" data-element_type=\"container\" data-e-type=\"container\">\n\t\t\t\t<div class=\"elementor-element elementor-element-981cbb5 image-box elementor-position-top elementor-widget elementor-widget-image-box\" data-id=\"981cbb5\" data-element_type=\"widget\" data-e-type=\"widget\" data-widget_type=\"image-box.default\">\n\t\t\t\t<div class=\"elementor-widget-container\">\n\t\t\t\t\t<div class=\"elementor-image-box-wrapper\"><figure class=\"elementor-image-box-img\"><a href=\"#entre-em-contato\" tabindex=\"-1\"><img loading=\"lazy\" decoding=\"async\" width=\"186\" height=\"186\" src=\"https:\/\/sof.town\/wp-content\/uploads\/2025\/02\/Agrupar-10.png\" class=\"attachment-full size-full wp-image-3494\" alt=\"\" srcset=\"https:\/\/sof.town\/wp-content\/uploads\/2025\/02\/Agrupar-10.png 186w, https:\/\/sof.town\/wp-content\/uploads\/2025\/02\/Agrupar-10-150x150.png 150w, https:\/\/sof.town\/wp-content\/uploads\/2025\/02\/Agrupar-10-12x12.png 12w\" sizes=\"(max-width: 186px) 100vw, 186px\" \/><\/a><\/figure><div class=\"elementor-image-box-content\"><p class=\"elementor-image-box-description\"><span class=\"bold-text\">Descontos especiais na loca\u00e7\u00e3o de espa\u00e7os.<\/span> Salas de reuni\u00e3o e escrit\u00f3rios sob demanda.<\/p><\/div><\/div>\t\t\t\t<\/div>\n\t\t\t\t<\/div>\n\t\t\t\t<\/div>\n\t\t\t\t<\/div>\n\t\t\t\t<div class=\"elementor-element elementor-element-9145e29 elementor-widget elementor-widget-spacer\" data-id=\"9145e29\" data-element_type=\"widget\" data-e-type=\"widget\" data-widget_type=\"spacer.default\">\n\t\t\t\t<div class=\"elementor-widget-container\">\n\t\t\t\t\t\t\t<div class=\"elementor-spacer\">\n\t\t\t<div class=\"elementor-spacer-inner\"><\/div>\n\t\t<\/div>\n\t\t\t\t\t\t<\/div>\n\t\t\t\t<\/div>\n\t\t\t\t<\/div>\n\t\t\t\t\t<\/div>\n\t\t\t\t<\/div>\n\t\t<div class=\"elementor-element elementor-element-098c065 e-flex e-con-boxed e-con e-parent\" data-id=\"098c065\" data-element_type=\"container\" data-e-type=\"container\">\n\t\t\t\t\t<div class=\"e-con-inner\">\n\t\t<div class=\"elementor-element elementor-element-5ac4194 e-con-full container-fixo e-flex e-con e-child\" data-id=\"5ac4194\" data-element_type=\"container\" data-e-type=\"container\">\n\t\t<div class=\"elementor-element elementor-element-f06ac3d e-con-full e-flex e-con e-child\" data-id=\"f06ac3d\" data-element_type=\"container\" data-e-type=\"container\">\n\t\t\t\t<div class=\"elementor-element elementor-element-f1353eb elementor-widget elementor-widget-text-editor\" data-id=\"f1353eb\" data-element_type=\"widget\" data-e-type=\"widget\" data-widget_type=\"text-editor.default\">\n\t\t\t\t<div class=\"elementor-widget-container\">\n\t\t\t\t\t\t\t\t\t<p>Tudo isso<\/p>\t\t\t\t\t\t\t\t<\/div>\n\t\t\t\t<\/div>\n\t\t\t\t<div class=\"elementor-element elementor-element-124136a elementor-widget elementor-widget-text-editor\" data-id=\"124136a\" data-element_type=\"widget\" data-e-type=\"widget\" data-widget_type=\"text-editor.default\">\n\t\t\t\t<div class=\"elementor-widget-container\">\n\t\t\t\t\t\t\t\t\t<p>por apenas<\/p><p>R$ 99\/m\u00eas.<\/p>\t\t\t\t\t\t\t\t<\/div>\n\t\t\t\t<\/div>\n\t\t\t\t<div class=\"elementor-element elementor-element-be1f9ec elementor-widget__width-initial elementor-widget elementor-widget-text-editor\" data-id=\"be1f9ec\" data-element_type=\"widget\" data-e-type=\"widget\" data-widget_type=\"text-editor.default\">\n\t\t\t\t<div class=\"elementor-widget-container\">\n\t\t\t\t\t\t\t\t\t<p>Regularize sua empresa e fa\u00e7a parte de um ambiente que <strong>impulsiona neg\u00f3cios.<\/strong><\/p>\t\t\t\t\t\t\t\t<\/div>\n\t\t\t\t<\/div>\n\t\t\t\t<\/div>\n\t\t<div class=\"elementor-element elementor-element-721430e e-con-full e-flex e-con e-child\" data-id=\"721430e\" data-element_type=\"container\" data-e-type=\"container\">\n\t\t\t\t<div class=\"elementor-element elementor-element-ff4802f elementor-widget elementor-widget-image\" data-id=\"ff4802f\" data-element_type=\"widget\" data-e-type=\"widget\" data-widget_type=\"image.default\">\n\t\t\t\t<div class=\"elementor-widget-container\">\n\t\t\t\t\t\t\t\t\t\t\t\t\t\t\t<img loading=\"lazy\" decoding=\"async\" width=\"906\" height=\"478\" src=\"https:\/\/sof.town\/wp-content\/uploads\/2025\/02\/Retangulo-1-copiar-1.png\" class=\"attachment-full size-full wp-image-3453\" alt=\"\" srcset=\"https:\/\/sof.town\/wp-content\/uploads\/2025\/02\/Retangulo-1-copiar-1.png 906w, https:\/\/sof.town\/wp-content\/uploads\/2025\/02\/Retangulo-1-copiar-1-300x158.png 300w, https:\/\/sof.town\/wp-content\/uploads\/2025\/02\/Retangulo-1-copiar-1-768x405.png 768w, https:\/\/sof.town\/wp-content\/uploads\/2025\/02\/Retangulo-1-copiar-1-18x9.png 18w\" sizes=\"(max-width: 906px) 100vw, 906px\" \/>\t\t\t\t\t\t\t\t\t\t\t\t\t\t\t<\/div>\n\t\t\t\t<\/div>\n\t\t\t\t<\/div>\n\t\t\t\t<\/div>\n\t\t<div class=\"elementor-element elementor-element-c29731d e-con-full container-fixo e-flex e-con e-child\" data-id=\"c29731d\" data-element_type=\"container\" data-e-type=\"container\" id=\"entre-em-contato\">\n\t\t\t\t<div class=\"elementor-element elementor-element-8c786ac elementor-widget elementor-widget-spacer\" data-id=\"8c786ac\" data-element_type=\"widget\" data-e-type=\"widget\" data-widget_type=\"spacer.default\">\n\t\t\t\t<div class=\"elementor-widget-container\">\n\t\t\t\t\t\t\t<div class=\"elementor-spacer\">\n\t\t\t<div class=\"elementor-spacer-inner\"><\/div>\n\t\t<\/div>\n\t\t\t\t\t\t<\/div>\n\t\t\t\t<\/div>\n\t\t\t\t<div class=\"elementor-element elementor-element-f26c762 font-fix elementor-widget elementor-widget-heading\" data-id=\"f26c762\" data-element_type=\"widget\" data-e-type=\"widget\" data-widget_type=\"heading.default\">\n\t\t\t\t<div class=\"elementor-widget-container\">\n\t\t\t\t\t<h2 class=\"elementor-heading-title elementor-size-default\">Entre em contato e<\/h2>\t\t\t\t<\/div>\n\t\t\t\t<\/div>\n\t\t\t\t<div class=\"elementor-element elementor-element-31508c0 elementor-align-center elementor-widget elementor-widget-button\" data-id=\"31508c0\" data-element_type=\"widget\" data-e-type=\"widget\" data-widget_type=\"button.default\">\n\t\t\t\t<div class=\"elementor-widget-container\">\n\t\t\t\t\t\t\t\t\t<div class=\"elementor-button-wrapper\">\n\t\t\t\t\t<a class=\"elementor-button elementor-button-link elementor-size-sm\" href=\"https:\/\/softown.conexa.app\/index.php?r=contratacaoOnline&#038;token=12135b6ea90c46de7d013e7d5874f5f8\/\" target=\"_blank\">\n\t\t\t\t\t\t<span class=\"elementor-button-content-wrapper\">\n\t\t\t\t\t\t\t\t\t<span class=\"elementor-button-text\">venha para o Softown!<\/span>\n\t\t\t\t\t<\/span>\n\t\t\t\t\t<\/a>\n\t\t\t\t<\/div>\n\t\t\t\t\t\t\t\t<\/div>\n\t\t\t\t<\/div>\n\t\t\t\t<div class=\"elementor-element elementor-element-72c1396 elementor-widget elementor-widget-spacer\" data-id=\"72c1396\" data-element_type=\"widget\" data-e-type=\"widget\" data-widget_type=\"spacer.default\">\n\t\t\t\t<div class=\"elementor-widget-container\">\n\t\t\t\t\t\t\t<div class=\"elementor-spacer\">\n\t\t\t<div class=\"elementor-spacer-inner\"><\/div>\n\t\t<\/div>\n\t\t\t\t\t\t<\/div>\n\t\t\t\t<\/div>\n\t\t\t\t<\/div>\n\t\t\t\t\t<\/div>\n\t\t\t\t<\/div>\n\t\t\t\t<\/div>","protected":false},"excerpt":{"rendered":"<p>MemberShip Softown Mais que um endere\u00e7o, um ecossistema Precisa de um endere\u00e7o fiscal confi\u00e1vel para abrir ou regularizar sua empresa? No Softown, voc\u00ea garante muito mais do que isso: acesso a uma comunidade vibrante de neg\u00f3cios, cheia de conex\u00f5es e oportunidades. Precisa de um endere\u00e7o fiscal confi\u00e1vel para abrir ou regularizar sua empresa? No Softown, [&hellip;]<\/p>","protected":false},"author":1,"featured_media":0,"parent":0,"menu_order":0,"comment_status":"closed","ping_status":"closed","template":"","meta":{"_acf_changed":false,"footnotes":""},"class_list":["post-3437","page","type-page","status-publish","hentry"],"acf":[],"_links":{"self":[{"href":"https:\/\/sof.town\/en\/wp-json\/wp\/v2\/pages\/3437","targetHints":{"allow":["GET"]}}],"collection":[{"href":"https:\/\/sof.town\/en\/wp-json\/wp\/v2\/pages"}],"about":[{"href":"https:\/\/sof.town\/en\/wp-json\/wp\/v2\/types\/page"}],"author":[{"embeddable":true,"href":"https:\/\/sof.town\/en\/wp-json\/wp\/v2\/users\/1"}],"replies":[{"embeddable":true,"href":"https:\/\/sof.town\/en\/wp-json\/wp\/v2\/comments?post=3437"}],"version-history":[{"count":0,"href":"https:\/\/sof.town\/en\/wp-json\/wp\/v2\/pages\/3437\/revisions"}],"wp:attachment":[{"href":"https:\/\/sof.town\/en\/wp-json\/wp\/v2\/media?parent=3437"}],"curies":[{"name":"wp","href":"https:\/\/api.w.org\/{rel}","templated":true}]}}